{"id":783,"date":"2024-01-24T10:06:00","date_gmt":"2024-01-24T09:06:00","guid":{"rendered":"http:\/\/agorasportconcept.fr\/?page_id=783"},"modified":"2024-01-24T10:21:58","modified_gmt":"2024-01-24T09:21:58","slug":"coaching","status":"publish","type":"page","link":"https:\/\/agorasportconcept.fr\/?page_id=783","title":{"rendered":"COACHING"},"content":{"rendered":"\n<p class=\"has-black-color has-text-color\">Vous avez ador\u00e9 faire du sport avec nous et vous souhaitez continuer vos efforts.<br>Nous vous proposons d\u00e9sormais de vous entra\u00eener toute l&rsquo;ann\u00e9e avec nos Coachs<\/p>\n\n\n\n<p class=\"has-black-color has-cyan-bluish-gray-background-color has-text-color has-background\">Contacter nous et nous cr\u00e9eront votre programme personnalis\u00e9 :  <a href=\"mailto:contact@agorasportconcept.fr\" target=\"_blank\" rel=\"noreferrer noopener\">contact@agorasportconcept.fr<\/a><br><br><strong>NOS COACHS <\/strong><br> <br><strong><a href=\"http:\/\/agorasportconcept.fr\/?page_id=791\">CHRISTOPHE PETAGNA<\/a><\/strong><br><\/p>\n","protected":false},"excerpt":{"rendered":"<p>Vous avez ador\u00e9 faire du sport avec nous et vous souhaitez continuer vos efforts.Nous vous proposons d\u00e9sormais de vous entra\u00eener toute l&rsquo;ann\u00e9e [&hellip;]<\/p>\n","protected":false},"author":1,"featured_media":0,"parent":0,"menu_order":0,"comment_status":"closed","ping_status":"closed","template":"","meta":[],"acf":[],"_links":{"self":[{"href":"https:\/\/agorasportconcept.fr\/index.php?rest_route=\/wp\/v2\/pages\/783"}],"collection":[{"href":"https:\/\/agorasportconcept.fr\/index.php?rest_route=\/wp\/v2\/pages"}],"about":[{"href":"https:\/\/agorasportconcept.fr\/index.php?rest_route=\/wp\/v2\/types\/page"}],"author":[{"embeddable":true,"href":"https:\/\/agorasportconcept.fr\/index.php?rest_route=\/wp\/v2\/users\/1"}],"replies":[{"embeddable":true,"href":"https:\/\/agorasportconcept.fr\/index.php?rest_route=%2Fwp%2Fv2%2Fcomments&post=783"}],"version-history":[{"count":7,"href":"https:\/\/agorasportconcept.fr\/index.php?rest_route=\/wp\/v2\/pages\/783\/revisions"}],"predecessor-version":[{"id":800,"href":"https:\/\/agorasportconcept.fr\/index.php?rest_route=\/wp\/v2\/pages\/783\/revisions\/800"}],"wp:attachment":[{"href":"https:\/\/agorasportconcept.fr\/index.php?rest_route=%2Fwp%2Fv2%2Fmedia&parent=783"}],"curies":[{"name":"wp","href":"https:\/\/api.w.org\/{rel}","templated":true}]}}