{"id":451,"date":"2018-06-11T09:24:49","date_gmt":"2018-06-11T08:24:49","guid":{"rendered":"http:\/\/agorasportconcept.fr\/?page_id=451"},"modified":"2022-01-15T10:00:18","modified_gmt":"2022-01-15T09:00:18","slug":"montpellier-odysseum","status":"publish","type":"page","link":"https:\/\/agorasportconcept.fr\/?page_id=451","title":{"rendered":"MONTPELLIER ODYSSEUM"},"content":{"rendered":"<p>En 2018 et en 2019 vous avez pu profiter des cours de yoga et de pilates au centre commercial Odyss\u00e9um<\/p>\n<p>Cette activit\u00e9 \u00e9tait organis\u00e9 conjointement avec AGORA SPORT CONCEPT<br \/>\n<img loading=\"lazy\" class=\"alignnone  wp-image-460\" src=\"http:\/\/agorasportconcept.fr\/wp-content\/uploads\/2018\/06\/LUNDIS-ZEN-1-225x300.jpg\" alt=\"\" width=\"406\" height=\"541\" srcset=\"https:\/\/agorasportconcept.fr\/wp-content\/uploads\/2018\/06\/LUNDIS-ZEN-1-225x300.jpg 225w, https:\/\/agorasportconcept.fr\/wp-content\/uploads\/2018\/06\/LUNDIS-ZEN-1-768x1024.jpg 768w, https:\/\/agorasportconcept.fr\/wp-content\/uploads\/2018\/06\/LUNDIS-ZEN-1.jpg 1701w\" sizes=\"(max-width: 406px) 100vw, 406px\" \/><\/p>\n<div class=\"su-gmap su-u-responsive-media-no\"><iframe width=\"700\" height=\"700\" src=\"\/\/maps.google.com\/maps?q=Montpellier%20Odyss%C3%A9um&amp;output=embed\" title=\"\"><\/iframe><\/div>\n","protected":false},"excerpt":{"rendered":"<p>En 2018 et en 2019 vous avez pu profiter des cours de yoga et de pilates au centre commercial Odyss\u00e9um Cette activit\u00e9 [&hellip;]<\/p>\n","protected":false},"author":1,"featured_media":0,"parent":0,"menu_order":0,"comment_status":"closed","ping_status":"closed","template":"","meta":[],"acf":[],"_links":{"self":[{"href":"https:\/\/agorasportconcept.fr\/index.php?rest_route=\/wp\/v2\/pages\/451"}],"collection":[{"href":"https:\/\/agorasportconcept.fr\/index.php?rest_route=\/wp\/v2\/pages"}],"about":[{"href":"https:\/\/agorasportconcept.fr\/index.php?rest_route=\/wp\/v2\/types\/page"}],"author":[{"embeddable":true,"href":"https:\/\/agorasportconcept.fr\/index.php?rest_route=\/wp\/v2\/users\/1"}],"replies":[{"embeddable":true,"href":"https:\/\/agorasportconcept.fr\/index.php?rest_route=%2Fwp%2Fv2%2Fcomments&post=451"}],"version-history":[{"count":3,"href":"https:\/\/agorasportconcept.fr\/index.php?rest_route=\/wp\/v2\/pages\/451\/revisions"}],"predecessor-version":[{"id":620,"href":"https:\/\/agorasportconcept.fr\/index.php?rest_route=\/wp\/v2\/pages\/451\/revisions\/620"}],"wp:attachment":[{"href":"https:\/\/agorasportconcept.fr\/index.php?rest_route=%2Fwp%2Fv2%2Fmedia&parent=451"}],"curies":[{"name":"wp","href":"https:\/\/api.w.org\/{rel}","templated":true}]}}