{"id":254,"date":"2017-04-12T20:28:52","date_gmt":"2017-04-12T19:28:52","guid":{"rendered":"http:\/\/agorasportconcept.fr\/?page_id=254"},"modified":"2019-01-22T10:13:17","modified_gmt":"2019-01-22T09:13:17","slug":"votre-ville","status":"publish","type":"page","link":"https:\/\/agorasportconcept.fr\/?page_id=254","title":{"rendered":"SAINT JEAN DE V\u00c9DAS"},"content":{"rendered":"<p>LE GRAND D\u00c9FI REVIENT LE SAMEDI 13 AVRIL 2019<\/p>\n<p>En 2018 plus de 395 personnes ont particip\u00e9 au Grand d\u00e9fi sportif organis\u00e9 par la ville de Saint Jean de v\u00e9das<\/p>\n<p>Combien serez vous en 2019 ??<\/p>\n<p><img loading=\"lazy\" class=\"alignnone wp-image-405\" src=\"http:\/\/agorasportconcept.fr\/wp-content\/uploads\/2018\/03\/IMG_4083-e1522062785362-300x225.jpg\" alt=\"\" width=\"783\" height=\"587\" srcset=\"https:\/\/agorasportconcept.fr\/wp-content\/uploads\/2018\/03\/IMG_4083-e1522062785362-300x225.jpg 300w, https:\/\/agorasportconcept.fr\/wp-content\/uploads\/2018\/03\/IMG_4083-e1522062785362-768x576.jpg 768w, https:\/\/agorasportconcept.fr\/wp-content\/uploads\/2018\/03\/IMG_4083-e1522062785362-1024x768.jpg 1024w\" sizes=\"(max-width: 783px) 100vw, 783px\" \/><\/p>\n","protected":false},"excerpt":{"rendered":"<p>LE GRAND D\u00c9FI REVIENT LE SAMEDI 13 AVRIL 2019 En 2018 plus de 395 personnes ont particip\u00e9 au Grand d\u00e9fi sportif organis\u00e9 [&hellip;]<\/p>\n","protected":false},"author":1,"featured_media":0,"parent":0,"menu_order":0,"comment_status":"closed","ping_status":"closed","template":"","meta":[],"acf":[],"_links":{"self":[{"href":"https:\/\/agorasportconcept.fr\/index.php?rest_route=\/wp\/v2\/pages\/254"}],"collection":[{"href":"https:\/\/agorasportconcept.fr\/index.php?rest_route=\/wp\/v2\/pages"}],"about":[{"href":"https:\/\/agorasportconcept.fr\/index.php?rest_route=\/wp\/v2\/types\/page"}],"author":[{"embeddable":true,"href":"https:\/\/agorasportconcept.fr\/index.php?rest_route=\/wp\/v2\/users\/1"}],"replies":[{"embeddable":true,"href":"https:\/\/agorasportconcept.fr\/index.php?rest_route=%2Fwp%2Fv2%2Fcomments&post=254"}],"version-history":[{"count":5,"href":"https:\/\/agorasportconcept.fr\/index.php?rest_route=\/wp\/v2\/pages\/254\/revisions"}],"predecessor-version":[{"id":487,"href":"https:\/\/agorasportconcept.fr\/index.php?rest_route=\/wp\/v2\/pages\/254\/revisions\/487"}],"wp:attachment":[{"href":"https:\/\/agorasportconcept.fr\/index.php?rest_route=%2Fwp%2Fv2%2Fmedia&parent=254"}],"curies":[{"name":"wp","href":"https:\/\/api.w.org\/{rel}","templated":true}]}}