{"id":24,"date":"2016-03-09T14:57:57","date_gmt":"2016-03-09T13:57:57","guid":{"rendered":"http:\/\/agoraplage.fr\/?page_id=24"},"modified":"2023-08-23T12:37:16","modified_gmt":"2023-08-23T11:37:16","slug":"videos","status":"publish","type":"page","link":"https:\/\/agorasportconcept.fr\/?page_id=24","title":{"rendered":"VID\u00c9OS"},"content":{"rendered":"<p><iframe loading=\"lazy\" title=\"REPORTAGE FRANCE 3 LGM\" width=\"1170\" height=\"658\" src=\"https:\/\/www.youtube.com\/embed\/EmnfNerqMz4?feature=oembed\" frameborder=\"0\" allow=\"accelerometer; autoplay; clipboard-write; encrypted-media; gyroscope; picture-in-picture; web-share\" allowfullscreen><\/iframe><\/p>\n<p><iframe loading=\"lazy\" title=\"AGORA SPORT CONCEPT 2022\" width=\"1170\" height=\"658\" src=\"https:\/\/www.youtube.com\/embed\/xcs2qViT14M?start=2&#038;feature=oembed\" frameborder=\"0\" allow=\"accelerometer; autoplay; clipboard-write; encrypted-media; gyroscope; picture-in-picture; web-share\" allowfullscreen><\/iframe><\/p>\n<p><iframe loading=\"lazy\" title=\"REPORTAGE BFM TV AGORA SPORT CONCEPT\" width=\"1170\" height=\"658\" src=\"https:\/\/www.youtube.com\/embed\/4T3N8Jyn3n8?feature=oembed\" frameborder=\"0\" allow=\"accelerometer; autoplay; clipboard-write; encrypted-media; gyroscope; picture-in-picture; web-share\" allowfullscreen><\/iframe><\/p>\n<p><iframe loading=\"lazy\" title=\"F\u00eate du sport Saint jean de v\u00e9das avec l&#039;AGORA SPORT CONCEPT\" width=\"1170\" height=\"658\" src=\"https:\/\/www.youtube.com\/embed\/N2f7Y2Yh8I8?feature=oembed\" frameborder=\"0\" allow=\"accelerometer; autoplay; clipboard-write; encrypted-media; gyroscope; picture-in-picture; web-share\" allowfullscreen><\/iframe><\/p>\n<p><iframe loading=\"lazy\" title=\"\u00c9v\u00e8nement bien \u00eatre avec AGORA SPORT EVENT&#039;S\" width=\"1170\" height=\"658\" src=\"https:\/\/www.youtube.com\/embed\/77Q56wEIm7I?feature=oembed\" frameborder=\"0\" allow=\"accelerometer; autoplay; clipboard-write; encrypted-media; gyroscope; picture-in-picture; web-share\" allowfullscreen><\/iframe><\/p>\n<p><iframe loading=\"lazy\" title=\"Reportage Agora Happel TV\" width=\"1170\" height=\"658\" src=\"https:\/\/www.youtube.com\/embed\/3WQWiSvaLFM?feature=oembed\" frameborder=\"0\" allow=\"accelerometer; autoplay; clipboard-write; encrypted-media; gyroscope; picture-in-picture; web-share\" allowfullscreen><\/iframe><\/p>\n<p><iframe loading=\"lazy\" title=\"Reportage France 3\" width=\"1170\" height=\"658\" src=\"https:\/\/www.youtube.com\/embed\/KF5y7fIFa3c?feature=oembed\" frameborder=\"0\" allow=\"accelerometer; autoplay; clipboard-write; encrypted-media; gyroscope; picture-in-picture; web-share\" allowfullscreen><\/iframe><\/p>\n<p><iframe loading=\"lazy\" title=\"Reportage TV SUD\" width=\"1170\" height=\"658\" src=\"https:\/\/www.youtube.com\/embed\/_JXqmNgO5js?feature=oembed\" frameborder=\"0\" allow=\"accelerometer; autoplay; clipboard-write; encrypted-media; gyroscope; picture-in-picture; web-share\" allowfullscreen><\/iframe><\/p>\n<p><iframe loading=\"lazy\" title=\"AGORA SPORT CONCEPT\" width=\"1170\" height=\"658\" src=\"https:\/\/www.youtube.com\/embed\/0bli3Mw1VSI?feature=oembed\" frameborder=\"0\" allow=\"accelerometer; autoplay; clipboard-write; encrypted-media; gyroscope; picture-in-picture; web-share\" allowfullscreen><\/iframe><\/p>\n<p><iframe loading=\"lazy\" title=\"Tutoriel Appli Agora sport concept\" width=\"1170\" height=\"658\" src=\"https:\/\/www.youtube.com\/embed\/FsQPbvk-_qs?feature=oembed\" frameborder=\"0\" allow=\"accelerometer; autoplay; clipboard-write; encrypted-media; gyroscope; picture-in-picture; web-share\" allowfullscreen><\/iframe><\/p>\n","protected":false},"excerpt":{"rendered":"","protected":false},"author":1,"featured_media":0,"parent":0,"menu_order":0,"comment_status":"closed","ping_status":"closed","template":"","meta":[],"acf":[],"_links":{"self":[{"href":"https:\/\/agorasportconcept.fr\/index.php?rest_route=\/wp\/v2\/pages\/24"}],"collection":[{"href":"https:\/\/agorasportconcept.fr\/index.php?rest_route=\/wp\/v2\/pages"}],"about":[{"href":"https:\/\/agorasportconcept.fr\/index.php?rest_route=\/wp\/v2\/types\/page"}],"author":[{"embeddable":true,"href":"https:\/\/agorasportconcept.fr\/index.php?rest_route=\/wp\/v2\/users\/1"}],"replies":[{"embeddable":true,"href":"https:\/\/agorasportconcept.fr\/index.php?rest_route=%2Fwp%2Fv2%2Fcomments&post=24"}],"version-history":[{"count":14,"href":"https:\/\/agorasportconcept.fr\/index.php?rest_route=\/wp\/v2\/pages\/24\/revisions"}],"predecessor-version":[{"id":780,"href":"https:\/\/agorasportconcept.fr\/index.php?rest_route=\/wp\/v2\/pages\/24\/revisions\/780"}],"wp:attachment":[{"href":"https:\/\/agorasportconcept.fr\/index.php?rest_route=%2Fwp%2Fv2%2Fmedia&parent=24"}],"curies":[{"name":"wp","href":"https:\/\/api.w.org\/{rel}","templated":true}]}}