{"id":230,"date":"2017-01-28T10:19:00","date_gmt":"2017-01-28T09:19:00","guid":{"rendered":"http:\/\/agorasportconcept.fr\/?page_id=230"},"modified":"2022-01-15T10:17:40","modified_gmt":"2022-01-15T09:17:40","slug":"contact-3","status":"publish","type":"page","link":"https:\/\/agorasportconcept.fr\/?page_id=230","title":{"rendered":"CONTACT"},"content":{"rendered":"<p>INFORMATIONS :<\/p>\n<p><a href=\"mailto:contact@agorasportconcept.fr\" target=\"_blank\" rel=\"noopener noreferrer\">contact@agorasportconcept.fr<\/a><\/p>\n<p>RECRUTEMENT :<\/p>\n<p>Vous souhaitez devenir coach \u00e0 l&rsquo;Agora sport concept ? c&rsquo;est tr\u00e8s simple ( comme l&rsquo;agora )<\/p>\n<p>&#8211; Envoyer Votre CV \u00e0 l&rsquo;adresse suivante : <a href=\"mailto:contact@agorasportconcept.fr\" target=\"_blank\" rel=\"noopener noreferrer\">contact@agorasportconcept.fr<\/a><br \/>\n&#8211; Avoir un Statut Auto entrepreneur<\/p>\n<p>&#8212;&#8212;&#8212;&#8212;&#8212;&#8212;&#8212;&#8212;&#8212;&#8212;&#8212;&#8212;&#8212;&#8212;&#8212;&#8212;&#8212;&#8212;&#8212;&#8212;&#8212;&#8212;&#8212;&#8212;&#8212;&#8212;&#8212;&#8212;&#8212;&#8212;&#8212;&#8212;&#8212;&#8212;&#8212;&#8212;&#8212;&#8212;&#8212;&#8212;&#8212;&#8212;&#8212;&#8212;&#8212;&#8212;&#8212;&#8212;<br \/>\nL&rsquo;AGORA DANS VOTRE COMMUNE<br \/>\nVous \u00eates : Une mairie, Une collectivit\u00e9, une entreprise, une soci\u00e9t\u00e9 en \u00e9v\u00e8nementiel contactez nous si vous souhaitez plus d&rsquo;informations sur notre concept<\/p>\n<p><a href=\"mailto:contact@agorasportconcept.fr\" target=\"_blank\" rel=\"noopener noreferrer\">contact@agorasportconcept.fr<\/a><\/p>\n<p>&#8212;&#8212;&#8212;&#8212;&#8212;&#8212;&#8212;&#8212;&#8212;&#8212;&#8212;&#8212;&#8212;&#8212;&#8212;&#8212;&#8212;&#8212;&#8212;&#8212;&#8212;&#8212;&#8212;&#8212;&#8212;&#8212;&#8212;&#8212;&#8212;&#8212;&#8212;&#8212;&#8212;&#8212;&#8212;&#8212;&#8212;&#8212;&#8212;&#8212;&#8212;&#8212;&#8212;&#8212;&#8212;&#8212;&#8212;&#8212;<\/p>\n<p><strong>MENTIONS L\u00c9GALES :<\/strong><\/p>\n<p><em><strong>Soci\u00e9t\u00e9 par actions simplifi\u00e9s au capital social de 5000\u20ac<\/strong><\/em><br \/>\nla soci\u00e9t\u00e9 \u00e0 pour objet la cr\u00e9ation d&rsquo;espace de fitness en plein air et \u00e9ph\u00e9m\u00e8re.<br \/>\n<strong>SIRET<\/strong> : 828442830 00018<br \/>\n<strong>TVA INTRACOMMUNAUTAIRE<\/strong> : 82 84 828442830<br \/>\n<strong>CONTACT<\/strong> : 0449071857 COURRIEL : contact@agorasportconcept.fr<br \/>\n<strong>ADRESSE POSTALE<\/strong> : MAS SAINT HENRI \u00a0ROUTE D&rsquo;ARLES 30220 AIGUES MORTES<br \/>\n<strong>ADRESSE CORRESPONDANCE<\/strong>: MAS SAINT HENRI \u00a0ROUTE D&rsquo;ARLES 30220 AIGUES MORTES<\/p>\n","protected":false},"excerpt":{"rendered":"<p>INFORMATIONS : contact@agorasportconcept.fr RECRUTEMENT : Vous souhaitez devenir coach \u00e0 l&rsquo;Agora sport concept ? c&rsquo;est tr\u00e8s simple ( comme l&rsquo;agora ) &#8211; [&hellip;]<\/p>\n","protected":false},"author":1,"featured_media":0,"parent":0,"menu_order":0,"comment_status":"closed","ping_status":"closed","template":"","meta":[],"acf":[],"_links":{"self":[{"href":"https:\/\/agorasportconcept.fr\/index.php?rest_route=\/wp\/v2\/pages\/230"}],"collection":[{"href":"https:\/\/agorasportconcept.fr\/index.php?rest_route=\/wp\/v2\/pages"}],"about":[{"href":"https:\/\/agorasportconcept.fr\/index.php?rest_route=\/wp\/v2\/types\/page"}],"author":[{"embeddable":true,"href":"https:\/\/agorasportconcept.fr\/index.php?rest_route=\/wp\/v2\/users\/1"}],"replies":[{"embeddable":true,"href":"https:\/\/agorasportconcept.fr\/index.php?rest_route=%2Fwp%2Fv2%2Fcomments&post=230"}],"version-history":[{"count":8,"href":"https:\/\/agorasportconcept.fr\/index.php?rest_route=\/wp\/v2\/pages\/230\/revisions"}],"predecessor-version":[{"id":629,"href":"https:\/\/agorasportconcept.fr\/index.php?rest_route=\/wp\/v2\/pages\/230\/revisions\/629"}],"wp:attachment":[{"href":"https:\/\/agorasportconcept.fr\/index.php?rest_route=%2Fwp%2Fv2%2Fmedia&parent=230"}],"curies":[{"name":"wp","href":"https:\/\/api.w.org\/{rel}","templated":true}]}}