{"id":124,"date":"2016-05-18T20:19:42","date_gmt":"2016-05-18T19:19:42","guid":{"rendered":"http:\/\/agoraplage.fr\/?page_id=124"},"modified":"2018-08-31T16:03:38","modified_gmt":"2018-08-31T15:03:38","slug":"partenaires","status":"publish","type":"page","link":"https:\/\/agorasportconcept.fr\/?page_id=124","title":{"rendered":"PARTENAIRES"},"content":{"rendered":"<div id='gallery-1' class='gallery galleryid-124 gallery-columns-3 gallery-size-thumbnail'><figure class='gallery-item'>\n\t\t\t<div class='gallery-icon landscape'>\n\t\t\t\t<a href='https:\/\/agorasportconcept.fr\/wp-content\/uploads\/2016\/05\/Logo-By-Step_Carre-vert.jpg' rel=\"lightbox[gallery-0]\"><img width=\"150\" height=\"150\" src=\"https:\/\/agorasportconcept.fr\/wp-content\/uploads\/2016\/05\/Logo-By-Step_Carre-vert-150x150.jpg\" class=\"attachment-thumbnail size-thumbnail\" alt=\"\" loading=\"lazy\" aria-describedby=\"gallery-1-386\" srcset=\"https:\/\/agorasportconcept.fr\/wp-content\/uploads\/2016\/05\/Logo-By-Step_Carre-vert-150x150.jpg 150w, https:\/\/agorasportconcept.fr\/wp-content\/uploads\/2016\/05\/Logo-By-Step_Carre-vert-300x300.jpg 300w, https:\/\/agorasportconcept.fr\/wp-content\/uploads\/2016\/05\/Logo-By-Step_Carre-vert-768x768.jpg 768w, https:\/\/agorasportconcept.fr\/wp-content\/uploads\/2016\/05\/Logo-By-Step_Carre-vert-1024x1024.jpg 1024w, https:\/\/agorasportconcept.fr\/wp-content\/uploads\/2016\/05\/Logo-By-Step_Carre-vert.jpg 1200w\" sizes=\"(max-width: 150px) 100vw, 150px\" \/><\/a>\n\t\t\t<\/div>\n\t\t\t\t<figcaption class='wp-caption-text gallery-caption' id='gallery-1-386'>\n\t\t\t\tCr\u00e9ation visuelle de notre soci\u00e9t\u00e9\n\t\t\t\t<\/figcaption><\/figure>\n\t\t<\/div>\n\n<p>&nbsp;<\/p>\n","protected":false},"excerpt":{"rendered":"<p>&nbsp;<\/p>\n","protected":false},"author":1,"featured_media":0,"parent":0,"menu_order":0,"comment_status":"closed","ping_status":"closed","template":"","meta":[],"acf":[],"_links":{"self":[{"href":"https:\/\/agorasportconcept.fr\/index.php?rest_route=\/wp\/v2\/pages\/124"}],"collection":[{"href":"https:\/\/agorasportconcept.fr\/index.php?rest_route=\/wp\/v2\/pages"}],"about":[{"href":"https:\/\/agorasportconcept.fr\/index.php?rest_route=\/wp\/v2\/types\/page"}],"author":[{"embeddable":true,"href":"https:\/\/agorasportconcept.fr\/index.php?rest_route=\/wp\/v2\/users\/1"}],"replies":[{"embeddable":true,"href":"https:\/\/agorasportconcept.fr\/index.php?rest_route=%2Fwp%2Fv2%2Fcomments&post=124"}],"version-history":[{"count":16,"href":"https:\/\/agorasportconcept.fr\/index.php?rest_route=\/wp\/v2\/pages\/124\/revisions"}],"predecessor-version":[{"id":473,"href":"https:\/\/agorasportconcept.fr\/index.php?rest_route=\/wp\/v2\/pages\/124\/revisions\/473"}],"wp:attachment":[{"href":"https:\/\/agorasportconcept.fr\/index.php?rest_route=%2Fwp%2Fv2%2Fmedia&parent=124"}],"curies":[{"name":"wp","href":"https:\/\/api.w.org\/{rel}","templated":true}]}}